{"id":11459,"date":"2023-10-16T14:59:35","date_gmt":"2023-10-16T12:59:35","guid":{"rendered":"https:\/\/www.lesorgive.it\/ristorante\/"},"modified":"2024-08-13T16:09:05","modified_gmt":"2024-08-13T14:09:05","slug":"restaurant","status":"publish","type":"page","link":"https:\/\/www.lesorgive.it\/de\/restaurant\/","title":{"rendered":"Restaurant Le Volpi"},"content":{"rendered":"\t\t<div data-elementor-type=\"wp-page\" data-elementor-id=\"11459\" class=\"elementor elementor-11459 elementor-11157\" data-elementor-post-type=\"page\">\n\t\t\t\t\t\t<section class=\"elementor-section elementor-top-section elementor-element elementor-element-1d5584d elementor-section-full_width elementor-section-height-min-height elementor-section-height-default elementor-section-items-middle\" data-id=\"1d5584d\" data-element_type=\"section\" data-settings=\"{&quot;background_background&quot;:&quot;classic&quot;}\">\n\t\t\t\t\t\t<div class=\"elementor-container elementor-column-gap-default\">\n\t\t\t\t\t<div class=\"elementor-column elementor-col-100 elementor-top-column elementor-element elementor-element-74649c4\" data-id=\"74649c4\" data-element_type=\"column\">\n\t\t\t<div class=\"elementor-widget-wrap elementor-element-populated\">\n\t\t\t\t\t\t<div class=\"elementor-element elementor-element-bc02bda elementor-widget elementor-widget-heading\" data-id=\"bc02bda\" data-element_type=\"widget\" data-widget_type=\"heading.default\">\n\t\t\t\t<div class=\"elementor-widget-container\">\n\t\t\t\t\t<h2 class=\"elementor-heading-title elementor-size-default\">Restaurant Le Volpi<\/h2>\t\t\t\t<\/div>\n\t\t\t\t<\/div>\n\t\t\t\t\t<\/div>\n\t\t<\/div>\n\t\t\t\t\t<\/div>\n\t\t<\/section>\n\t\t\t\t<section class=\"elementor-section elementor-top-section elementor-element elementor-element-e567b99 elementor-section-boxed elementor-section-height-default elementor-section-height-default\" data-id=\"e567b99\" data-element_type=\"section\">\n\t\t\t\t\t\t<div class=\"elementor-container elementor-column-gap-default\">\n\t\t\t\t\t<div class=\"elementor-column elementor-col-100 elementor-top-column elementor-element elementor-element-0a397d7\" data-id=\"0a397d7\" data-element_type=\"column\">\n\t\t\t<div class=\"elementor-widget-wrap elementor-element-populated\">\n\t\t\t\t\t\t<div class=\"elementor-element elementor-element-991cb14 elementor-widget elementor-widget-heading\" data-id=\"991cb14\" data-element_type=\"widget\" data-widget_type=\"heading.default\">\n\t\t\t\t<div class=\"elementor-widget-container\">\n\t\t\t\t\t<h2 class=\"elementor-heading-title elementor-size-default\">Komm in unser Restaurant<\/h2>\t\t\t\t<\/div>\n\t\t\t\t<\/div>\n\t\t\t\t\t<\/div>\n\t\t<\/div>\n\t\t\t\t\t<\/div>\n\t\t<\/section>\n\t\t\t\t<section class=\"elementor-section elementor-top-section elementor-element elementor-element-e900b49 elementor-section-full_width elementor-section-height-default elementor-section-height-default\" data-id=\"e900b49\" data-element_type=\"section\" data-settings=\"{&quot;background_background&quot;:&quot;classic&quot;}\">\n\t\t\t\t\t\t<div class=\"elementor-container elementor-column-gap-default\">\n\t\t\t\t\t<div class=\"elementor-column elementor-col-50 elementor-top-column elementor-element elementor-element-7732cdb dc-has-condition dc-condition-empty shortcut__content\" data-id=\"7732cdb\" data-element_type=\"column\">\n\t\t\t<div class=\"elementor-widget-wrap elementor-element-populated\">\n\t\t\t\t\t\t<div class=\"elementor-element elementor-element-b944de4 elementor-widget elementor-widget-shortcode\" data-id=\"b944de4\" data-element_type=\"widget\" data-widget_type=\"shortcode.default\">\n\t\t\t\t<div class=\"elementor-widget-container\">\n\t\t\t\t\t\t\t<div class=\"elementor-shortcode\"><div class=\"slider-home\"><div class=\"slide\">\t<div class=\"slide-image singlePage\">\t\t<img decoding=\"async\" src=\"https:\/\/www.lesorgive.it\/wp-content\/uploads\/2022\/09\/Le-Sorgive-Ristorante-4.jpg\" alt=\"Restaurant Le Volpi\">\t<\/div><\/div><div class=\"slide\">\t<div class=\"slide-image singlePage\">\t\t<img decoding=\"async\" src=\"https:\/\/www.lesorgive.it\/wp-content\/uploads\/2022\/09\/Le-Sorgive-Ristorante-1.jpg\" alt=\"Restaurant Le Volpi\">\t<\/div><\/div><div class=\"slide\">\t<div class=\"slide-image singlePage\">\t\t<img decoding=\"async\" src=\"https:\/\/www.lesorgive.it\/wp-content\/uploads\/2022\/09\/Le-Sorgive-Ristorante-2.jpg\" alt=\"Restaurant Le Volpi\">\t<\/div><\/div><div class=\"slide\">\t<div class=\"slide-image singlePage\">\t\t<img decoding=\"async\" src=\"https:\/\/www.lesorgive.it\/wp-content\/uploads\/2022\/09\/Le-Sorgive-Ristorante-3.jpg\" alt=\"Restaurant Le Volpi\">\t<\/div><\/div><div class=\"slide\">\t<div class=\"slide-image singlePage\">\t\t<img decoding=\"async\" src=\"https:\/\/www.lesorgive.it\/wp-content\/uploads\/2022\/09\/Le-Sorgive-Ristorante-5.jpg\" alt=\"Restaurant Le Volpi\">\t<\/div><\/div><div class=\"slide\">\t<div class=\"slide-image singlePage\">\t\t<img decoding=\"async\" src=\"https:\/\/www.lesorgive.it\/wp-content\/uploads\/2022\/09\/Le-Sorgive-Ristorante-6.jpg\" alt=\"Restaurant Le Volpi\">\t<\/div><\/div><div class=\"slide\">\t<div class=\"slide-image singlePage\">\t\t<img decoding=\"async\" src=\"https:\/\/www.lesorgive.it\/wp-content\/uploads\/2022\/09\/Le-Sorgive-Ristorante-7.jpg\" alt=\"Restaurant Le Volpi\">\t<\/div><\/div><div class=\"slide\">\t<div class=\"slide-image singlePage\">\t\t<img decoding=\"async\" src=\"https:\/\/www.lesorgive.it\/wp-content\/uploads\/2022\/09\/Le-Sorgive-Ristorante-8.jpg\" alt=\"Restaurant Le Volpi\">\t<\/div><\/div><div class=\"slide\">\t<div class=\"slide-image singlePage\">\t\t<img decoding=\"async\" src=\"https:\/\/www.lesorgive.it\/wp-content\/uploads\/2022\/09\/Le-Sorgive-Ristorante-9.jpg\" alt=\"Restaurant Le Volpi\">\t<\/div><\/div><div class=\"slide\">\t<div class=\"slide-image singlePage\">\t\t<img decoding=\"async\" src=\"https:\/\/www.lesorgive.it\/wp-content\/uploads\/2022\/09\/Le-Sorgive-Ristorante-10.jpg\" alt=\"Restaurant Le Volpi\">\t<\/div><\/div><div class=\"slide\">\t<div class=\"slide-image singlePage\">\t\t<img decoding=\"async\" src=\"https:\/\/www.lesorgive.it\/wp-content\/uploads\/2022\/09\/Le-Sorgive-Ristorante-11.jpg\" alt=\"Restaurant Le Volpi\">\t<\/div><\/div><div class=\"slide\">\t<div class=\"slide-image singlePage\">\t\t<img decoding=\"async\" src=\"https:\/\/www.lesorgive.it\/wp-content\/uploads\/2022\/09\/Le-Sorgive-Ristorante-12.jpg\" alt=\"Restaurant Le Volpi\">\t<\/div><\/div><div class=\"slide\">\t<div class=\"slide-image singlePage\">\t\t<img decoding=\"async\" src=\"https:\/\/www.lesorgive.it\/wp-content\/uploads\/2022\/09\/Le-Sorgive-Ristorante-13.jpg\" alt=\"Restaurant Le Volpi\">\t<\/div><\/div><div class=\"slide\">\t<div class=\"slide-image singlePage\">\t\t<img decoding=\"async\" src=\"https:\/\/www.lesorgive.it\/wp-content\/uploads\/2022\/09\/Le-Sorgive-Ristorante-14.jpg\" alt=\"Restaurant Le Volpi\">\t<\/div><\/div><div class=\"slide\">\t<div class=\"slide-image singlePage\">\t\t<img decoding=\"async\" src=\"https:\/\/www.lesorgive.it\/wp-content\/uploads\/2022\/09\/Le-Sorgive-Ristorante-15.jpg\" alt=\"Restaurant Le Volpi\">\t<\/div><\/div><div class=\"slide\">\t<div class=\"slide-image singlePage\">\t\t<img decoding=\"async\" src=\"https:\/\/www.lesorgive.it\/wp-content\/uploads\/2022\/09\/Le-Sorgive-Ristorante-16.jpg\" alt=\"Restaurant Le Volpi\">\t<\/div><\/div><div class=\"slide\">\t<div class=\"slide-image singlePage\">\t\t<img decoding=\"async\" src=\"https:\/\/www.lesorgive.it\/wp-content\/uploads\/2022\/09\/Le-Sorgive-Ristorante-17.jpg\" alt=\"Restaurant Le Volpi\">\t<\/div><\/div><\/div><\/div>\n\t\t\t\t\t\t<\/div>\n\t\t\t\t<\/div>\n\t\t\t\t\t<\/div>\n\t\t<\/div>\n\t\t\t\t<div class=\"elementor-column elementor-col-50 elementor-top-column elementor-element elementor-element-ee79ae4\" data-id=\"ee79ae4\" data-element_type=\"column\">\n\t\t\t<div class=\"elementor-widget-wrap\">\n\t\t\t\t\t\t\t<\/div>\n\t\t<\/div>\n\t\t\t\t\t<\/div>\n\t\t<\/section>\n\t\t\t\t<section class=\"elementor-section elementor-top-section elementor-element elementor-element-fa01826 elementor-section-boxed elementor-section-height-default elementor-section-height-default\" data-id=\"fa01826\" data-element_type=\"section\">\n\t\t\t\t\t\t<div class=\"elementor-container elementor-column-gap-default\">\n\t\t\t\t\t<div class=\"elementor-column elementor-col-100 elementor-top-column elementor-element elementor-element-998c8f0\" data-id=\"998c8f0\" data-element_type=\"column\">\n\t\t\t<div class=\"elementor-widget-wrap elementor-element-populated\">\n\t\t\t\t\t\t<div class=\"elementor-element elementor-element-f42a78d elementor-widget elementor-widget-text-editor\" data-id=\"f42a78d\" data-element_type=\"widget\" data-widget_type=\"text-editor.default\">\n\t\t\t\t<div class=\"elementor-widget-container\">\n\t\t\t\t\t\t\t\t\t<p><\/p>\n<p>In unserem traditionsreichen <strong>Bauernhof<\/strong> \u201eLe Sorgive\u201c in Solferino in der N\u00e4he von <strong>Mantua<\/strong> werden Sie durch lokale Delikatessen verw\u00f6hnt. Die K\u00fcche unseres Restaurants beruht auf die kulinarischen Traditionen von Mantua, die Qualit\u00e4t der Zutaten und auf die Liebe zu unserem Territorium. Hochwertige und zertifiziert (Bioagricert) Bioprodukte sowie typische, mantuanische Gerichte, die mit Hingabe und Sorgfalt zubereitet werden, garantieren f\u00fcr einmalige, kulinarische Erlebnisse. Grundlagen unserer Men\u00fcs sind zum einen der Respekt f\u00fcr den echten Landbau und zum anderen f\u00fcr die Familientradition der Gonzaga.<\/p>\n<p>Verkosten Sie unsere Spezialit\u00e4ten in einem der suggestivsten Bio-Restaurants in Mantua: Hausgemachte Salami, Nudeln, typische Fischgerichte, Desserts wie \u201eTorta Sbrisolona\u201c und viele andere K\u00f6stlichkeiten, die von unserem Chef mit Sorgfalt und Hingabe zubereitet werden.<\/p>\n<p>In unserem Restaurant werden auf Anfrage auch <strong>Spezialmen\u00fcs f\u00fcr Allergiker und Vegetarier<\/strong> zubereitet.<\/p>\n<p>Unser Agriturismo und das Restaurant sind am Montag und am Dienstagabend geschlossen.<\/p>\n<p><strong>Speisekarte<\/strong><br \/>\nLiebe G\u00e4ste, wenn Sie Allergien oder Lebensmittelunvertr\u00e4glichkeiten haben, wenden Sie sich bitte an das kompetente Personal unseres Restaurants in Mantua, welches Ihnen gerne die f\u00fcr Sie geeigneten Gerichte empfiehlt.<\/p>\n<p>Auf unserem Bauernhof k\u00f6nnen Sie Hochzeitsempf\u00e4nge oder Hochzeitsfeiern planen und organisieren.<\/p>\n<p>Eines k\u00f6nnen wir Ihnen versprechen: Bei uns wird Ihr sch\u00f6nster Tag im Leben zum einzigartigsten und einmaligen Erlebnis. Ein Hochzeitsempfang auf unserem Bauernhof bedeutet Tradition, gutes Essen, gem\u00fctliche Stimmung, Natur und unvergessliche Momente.<\/p>\n<p>&nbsp;<\/p>\n<p>Wir laden Sie daher ein, uns unter der Nummer <strong><a title=\"Call +390376854028 via 3CX\" href=\"tel:+390376854028\" target=\"_blank\" rel=\"noopener\">+39 0376\/854028<\/a><\/strong>\u00a0oder per Email <a href=\"mailto:cascinalevolpi@gmail.com\"><strong>cascinalevolpi@gmail.com<\/strong><\/a>\u00a0zu kontaktieren, um Informationen zu den aktuellen \u00d6ffnungszeiten zu erhalten.<\/p>\n<p> <\/p>\n<h3 class=\"wp-block-heading\">TYPISCHE PRODUKTE<\/h3>\n<p>Entdecken Sie die Gastronomie von Mantua durch unseren Agriturismo, wo Sie Gerichte mit frischen und erstklassigen Zutaten verkosten k\u00f6nnen. Unser St\u00e4rke liegt im <strong>biologischen Anbau<\/strong> und in der Erfahrung unserer Mitarbeiter, die mit viel Hingabe unsere Reben, Obst- und Gem\u00fcseg\u00e4rten pflegen und hegen.<\/p>\n<p>In unserem Agriturismo k\u00f6nnen Sie zudem hausgemachte Wurstwaren essen, sowie Teigtaschen (Tortelli) mit K\u00fcrbisf\u00fcllung, hausgemachte Pasta, Fisch- und Fleischgerichte, traditionelle Desserts (Sbrisolona) und viele andere Spezialit\u00e4ten, die von unseren gro\u00dfartigen K\u00f6chen zubereitet werden.<\/p>\n<p>Kommen Sie uns in Mantua besuchen, wir k\u00fcmmern uns um die Verpflegung. Zudem k\u00f6nnen Sie bei uns lokalen Wein kaufen, Konfit\u00fcren, die typische \u201emostarda\u201c (Senffr\u00fcchte), Honig, Sbrisolona (lokaler Kuchen), Kekse und Saisonprodukte, die direkt aus unserem Gem\u00fcsegarten stammen.<\/p>\n<p><strong>Tradition<\/strong> und <strong>Innovation<\/strong> sind die Werte, an die wir seit je her glauben und dank dieser beiden wichtigen Faktoren ist es uns gelungen, die lokale K\u00fcchentradition laufend zu verfeinern und zu verbessern.<\/p>\n<p><\/p>\n<h3><a href=\"https:\/\/www.leggimenu.it\/menu\/menucascinalevolpi2021\">MENU<\/a><\/h3>\n\t\t\t\t\t\t\t\t<\/div>\n\t\t\t\t<\/div>\n\t\t\t\t\t<\/div>\n\t\t<\/div>\n\t\t\t\t\t<\/div>\n\t\t<\/section>\n\t\t\t\t<section class=\"elementor-section elementor-top-section elementor-element elementor-element-b04cf1e elementor-section-boxed elementor-section-height-default elementor-section-height-default\" data-id=\"b04cf1e\" data-element_type=\"section\">\n\t\t\t\t\t\t<div class=\"elementor-container elementor-column-gap-default\">\n\t\t\t\t\t<div class=\"elementor-column elementor-col-100 elementor-top-column elementor-element elementor-element-c30109e\" data-id=\"c30109e\" data-element_type=\"column\">\n\t\t\t<div class=\"elementor-widget-wrap elementor-element-populated\">\n\t\t\t\t\t\t<div class=\"elementor-element elementor-element-c127dce elementor-widget elementor-widget-heading\" data-id=\"c127dce\" data-element_type=\"widget\" data-widget_type=\"heading.default\">\n\t\t\t\t<div class=\"elementor-widget-container\">\n\t\t\t\t\t<h3 class=\"elementor-heading-title elementor-size-default\">Informationen anfragen<\/h3>\t\t\t\t<\/div>\n\t\t\t\t<\/div>\n\t\t\t\t<div class=\"elementor-element elementor-element-77e2370 elementor-widget elementor-widget-shortcode\" data-id=\"77e2370\" data-element_type=\"widget\" data-widget_type=\"shortcode.default\">\n\t\t\t\t<div class=\"elementor-widget-container\">\n\t\t\t\t\t\t\t<div class=\"elementor-shortcode\">\n<div class=\"wpcf7 no-js\" id=\"wpcf7-f11891-o1\" lang=\"de-DE\" dir=\"ltr\" data-wpcf7-id=\"11891\">\n<div class=\"screen-reader-response\"><p role=\"status\" aria-live=\"polite\" aria-atomic=\"true\"><\/p> <ul><\/ul><\/div>\n<form action=\"\/de\/wp-json\/wp\/v2\/pages\/11459#wpcf7-f11891-o1\" method=\"post\" class=\"wpcf7-form init\" aria-label=\"Kontaktformular\" novalidate=\"novalidate\" data-status=\"init\">\n<div style=\"display: none;\">\n<input type=\"hidden\" name=\"_wpcf7\" value=\"11891\" \/>\n<input type=\"hidden\" name=\"_wpcf7_version\" value=\"6.0.6\" \/>\n<input type=\"hidden\" name=\"_wpcf7_locale\" value=\"de_DE\" \/>\n<input type=\"hidden\" name=\"_wpcf7_unit_tag\" value=\"wpcf7-f11891-o1\" \/>\n<input type=\"hidden\" name=\"_wpcf7_container_post\" value=\"0\" \/>\n<input type=\"hidden\" name=\"_wpcf7_posted_data_hash\" value=\"\" \/>\n<input type=\"hidden\" name=\"_wpcf7dtx_version\" value=\"5.0.3\" \/>\n<input type=\"hidden\" name=\"_wpcf7_recaptcha_response\" value=\"\" \/>\n<\/div>\n<div>\n\t<div class=\"row\">\n\t\t<div class=\"col-lg-3 form-group\">\n\t\t\t<h4>Vorname*\n\t\t\t<\/h4>\n\t\t\t<p><span class=\"wpcf7-form-control-wrap\" data-name=\"your-name\"><input size=\"40\" maxlength=\"400\" class=\"wpcf7-form-control wpcf7-text wpcf7-validates-as-required form-control\" aria-required=\"true\" aria-invalid=\"false\" placeholder=\"Vorname\" value=\"\" type=\"text\" name=\"your-name\" \/><\/span>\n\t\t\t<\/p>\n\t\t<\/div>\n\t\t<div class=\"col-lg-3 form-group\">\n\t\t\t<h4>Nachname*\n\t\t\t<\/h4>\n\t\t\t<p><span class=\"wpcf7-form-control-wrap\" data-name=\"your-surname\"><input size=\"40\" maxlength=\"400\" class=\"wpcf7-form-control wpcf7-text wpcf7-validates-as-required form-control\" aria-required=\"true\" aria-invalid=\"false\" placeholder=\"Nachname\" value=\"\" type=\"text\" name=\"your-surname\" \/><\/span>\n\t\t\t<\/p>\n\t\t<\/div>\n\t\t<div class=\"col-lg-3 form-group\">\n\t\t\t<h4>Email*\n\t\t\t<\/h4>\n\t\t\t<p><span class=\"wpcf7-form-control-wrap\" data-name=\"your-email\"><input size=\"40\" maxlength=\"400\" class=\"wpcf7-form-control wpcf7-email wpcf7-validates-as-required wpcf7-text wpcf7-validates-as-email form-control\" aria-required=\"true\" aria-invalid=\"false\" placeholder=\"E-mail\" value=\"\" type=\"email\" name=\"your-email\" \/><\/span>\n\t\t\t<\/p>\n\t\t<\/div>\n\t\t<div class=\"col-lg-3 form-group\">\n\t\t\t<h4>Telefonnummer*\n\t\t\t<\/h4>\n\t\t\t<p><span class=\"wpcf7-form-control-wrap\" data-name=\"your-phone\"><input size=\"40\" maxlength=\"400\" class=\"wpcf7-form-control wpcf7-text wpcf7-validates-as-required form-control\" aria-required=\"true\" aria-invalid=\"false\" placeholder=\"Telefonnummer\" value=\"\" type=\"text\" name=\"your-phone\" \/><\/span>\n\t\t\t<\/p>\n\t\t<\/div>\n\t<\/div>\n\t<div class=\"row\">\n\t\t<div class=\"col-lg-12 form-group\">\n\t\t\t<h4>Nachricht*\n\t\t\t<\/h4>\n\t\t\t<p><span class=\"wpcf7-form-control-wrap\" data-name=\"your-message\"><textarea cols=\"40\" rows=\"5\" maxlength=\"2000\" class=\"wpcf7-form-control wpcf7-textarea form-control\" aria-invalid=\"false\" placeholder=\"Geben Sie hier Ihre Nachricht ein\" name=\"your-message\"><\/textarea><\/span>\n\t\t\t<\/p>\n\t\t<\/div>\n\t<\/div>\n\t<div class=\"col-lg-12 privacy-control\">\n\t<\/div>\n\t<p><input class=\"wpcf7-form-control wpcf7-submit has-spinner hotel-btn hotel-btn--default elementor-size-sm\" type=\"submit\" value=\"Senden\" \/>\n\t<\/p>\n<\/div><div class=\"wpcf7-response-output\" aria-hidden=\"true\"><\/div>\n<\/form>\n<\/div>\n<\/div>\n\t\t\t\t\t\t<\/div>\n\t\t\t\t<\/div>\n\t\t\t\t\t<\/div>\n\t\t<\/div>\n\t\t\t\t\t<\/div>\n\t\t<\/section>\n\t\t\t\t<\/div>\n\t\t","protected":false},"excerpt":{"rendered":"<p>Kommen Sie und probieren Sie die originalen Spezialit\u00e4ten unseres Agriturismo in Solferino.<\/p>\n","protected":false},"author":1,"featured_media":12525,"parent":0,"menu_order":31,"comment_status":"closed","ping_status":"closed","template":"","meta":{"_acf_changed":false,"inline_featured_image":false,"footnotes":""},"class_list":["post-11459","page","type-page","status-publish","has-post-thumbnail","hentry"],"acf":[],"yoast_head":"<!-- This site is optimized with the Yoast SEO plugin v24.9 - https:\/\/yoast.com\/wordpress\/plugins\/seo\/ -->\n<title>Restaurant Le Volpi - Le Sorgive<\/title>\n<meta name=\"description\" content=\"Unser Campingplatz in der Lombardei ist die ideale L\u00f6sung f\u00fcr einen Urlaub der einfachen Freuden, der Ruhe und der Natur. Buchen Sie Ihren Urlaub!\" \/>\n<meta name=\"robots\" content=\"index, follow, max-snippet:-1, max-image-preview:large, max-video-preview:-1\" \/>\n<link rel=\"canonical\" href=\"https:\/\/www.lesorgive.it\/de\/restaurant\/\" \/>\n<meta property=\"og:locale\" content=\"de_DE\" \/>\n<meta property=\"og:type\" content=\"article\" \/>\n<meta property=\"og:title\" content=\"Restaurant Le Volpi - Le Sorgive\" \/>\n<meta property=\"og:description\" content=\"Unser Campingplatz in der Lombardei ist die ideale L\u00f6sung f\u00fcr einen Urlaub der einfachen Freuden, der Ruhe und der Natur. Buchen Sie Ihren Urlaub!\" \/>\n<meta property=\"og:url\" content=\"https:\/\/www.lesorgive.it\/de\/restaurant\/\" \/>\n<meta property=\"og:site_name\" content=\"Le Sorgive\" \/>\n<meta property=\"article:modified_time\" content=\"2024-08-13T14:09:05+00:00\" \/>\n<meta property=\"og:image\" content=\"https:\/\/www.lesorgive.it\/wp-content\/uploads\/2024\/08\/IMG_2698-scaled.jpg\" \/>\n\t<meta property=\"og:image:width\" content=\"2560\" \/>\n\t<meta property=\"og:image:height\" content=\"1707\" \/>\n\t<meta property=\"og:image:type\" content=\"image\/jpeg\" \/>\n<meta name=\"twitter:card\" content=\"summary_large_image\" \/>\n<meta name=\"twitter:label1\" content=\"Gesch\u00e4tzte Lesezeit\" \/>\n\t<meta name=\"twitter:data1\" content=\"1\u00a0Minute\" \/>\n<script type=\"application\/ld+json\" class=\"yoast-schema-graph\">{\"@context\":\"https:\/\/schema.org\",\"@graph\":[{\"@type\":\"WebPage\",\"@id\":\"https:\/\/www.lesorgive.it\/de\/restaurant\/\",\"url\":\"https:\/\/www.lesorgive.it\/de\/restaurant\/\",\"name\":\"Restaurant Le Volpi - Le Sorgive\",\"isPartOf\":{\"@id\":\"https:\/\/www.lesorgive.it\/de\/#website\"},\"primaryImageOfPage\":{\"@id\":\"https:\/\/www.lesorgive.it\/de\/restaurant\/#primaryimage\"},\"image\":{\"@id\":\"https:\/\/www.lesorgive.it\/de\/restaurant\/#primaryimage\"},\"thumbnailUrl\":\"https:\/\/www.lesorgive.it\/wp-content\/uploads\/2024\/08\/IMG_2698-scaled.jpg\",\"datePublished\":\"2023-10-16T12:59:35+00:00\",\"dateModified\":\"2024-08-13T14:09:05+00:00\",\"description\":\"Unser Campingplatz in der Lombardei ist die ideale L\u00f6sung f\u00fcr einen Urlaub der einfachen Freuden, der Ruhe und der Natur. Buchen Sie Ihren Urlaub!\",\"breadcrumb\":{\"@id\":\"https:\/\/www.lesorgive.it\/de\/restaurant\/#breadcrumb\"},\"inLanguage\":\"de\",\"potentialAction\":[{\"@type\":\"ReadAction\",\"target\":[\"https:\/\/www.lesorgive.it\/de\/restaurant\/\"]}]},{\"@type\":\"ImageObject\",\"inLanguage\":\"de\",\"@id\":\"https:\/\/www.lesorgive.it\/de\/restaurant\/#primaryimage\",\"url\":\"https:\/\/www.lesorgive.it\/wp-content\/uploads\/2024\/08\/IMG_2698-scaled.jpg\",\"contentUrl\":\"https:\/\/www.lesorgive.it\/wp-content\/uploads\/2024\/08\/IMG_2698-scaled.jpg\",\"width\":2560,\"height\":1707},{\"@type\":\"BreadcrumbList\",\"@id\":\"https:\/\/www.lesorgive.it\/de\/restaurant\/#breadcrumb\",\"itemListElement\":[{\"@type\":\"ListItem\",\"position\":1,\"name\":\"Home\",\"item\":\"https:\/\/www.lesorgive.it\/de\/\"},{\"@type\":\"ListItem\",\"position\":2,\"name\":\"Restaurant Le Volpi\"}]},{\"@type\":\"WebSite\",\"@id\":\"https:\/\/www.lesorgive.it\/de\/#website\",\"url\":\"https:\/\/www.lesorgive.it\/de\/\",\"name\":\"Le Sorgive\",\"description\":\"Un nuovo sito targato WordPress\",\"publisher\":{\"@id\":\"https:\/\/www.lesorgive.it\/de\/#organization\"},\"potentialAction\":[{\"@type\":\"SearchAction\",\"target\":{\"@type\":\"EntryPoint\",\"urlTemplate\":\"https:\/\/www.lesorgive.it\/de\/?s={search_term_string}\"},\"query-input\":{\"@type\":\"PropertyValueSpecification\",\"valueRequired\":true,\"valueName\":\"search_term_string\"}}],\"inLanguage\":\"de\"},{\"@type\":\"Organization\",\"@id\":\"https:\/\/www.lesorgive.it\/de\/#organization\",\"name\":\"Le Sorgive\",\"url\":\"https:\/\/www.lesorgive.it\/de\/\",\"logo\":{\"@type\":\"ImageObject\",\"inLanguage\":\"de\",\"@id\":\"https:\/\/www.lesorgive.it\/de\/#\/schema\/logo\/image\/\",\"url\":\"https:\/\/www.lesorgive.it\/wp-content\/uploads\/2022\/07\/logo_bianco.svg\",\"contentUrl\":\"https:\/\/www.lesorgive.it\/wp-content\/uploads\/2022\/07\/logo_bianco.svg\",\"width\":329,\"height\":47,\"caption\":\"Le Sorgive\"},\"image\":{\"@id\":\"https:\/\/www.lesorgive.it\/de\/#\/schema\/logo\/image\/\"}}]}<\/script>\n<!-- \/ Yoast SEO plugin. -->","yoast_head_json":{"title":"Restaurant Le Volpi - Le Sorgive","description":"Unser Campingplatz in der Lombardei ist die ideale L\u00f6sung f\u00fcr einen Urlaub der einfachen Freuden, der Ruhe und der Natur. Buchen Sie Ihren Urlaub!","robots":{"index":"index","follow":"follow","max-snippet":"max-snippet:-1","max-image-preview":"max-image-preview:large","max-video-preview":"max-video-preview:-1"},"canonical":"https:\/\/www.lesorgive.it\/de\/restaurant\/","og_locale":"de_DE","og_type":"article","og_title":"Restaurant Le Volpi - Le Sorgive","og_description":"Unser Campingplatz in der Lombardei ist die ideale L\u00f6sung f\u00fcr einen Urlaub der einfachen Freuden, der Ruhe und der Natur. Buchen Sie Ihren Urlaub!","og_url":"https:\/\/www.lesorgive.it\/de\/restaurant\/","og_site_name":"Le Sorgive","article_modified_time":"2024-08-13T14:09:05+00:00","og_image":[{"width":2560,"height":1707,"url":"https:\/\/www.lesorgive.it\/wp-content\/uploads\/2024\/08\/IMG_2698-scaled.jpg","type":"image\/jpeg"}],"twitter_card":"summary_large_image","twitter_misc":{"Gesch\u00e4tzte Lesezeit":"1\u00a0Minute"},"schema":{"@context":"https:\/\/schema.org","@graph":[{"@type":"WebPage","@id":"https:\/\/www.lesorgive.it\/de\/restaurant\/","url":"https:\/\/www.lesorgive.it\/de\/restaurant\/","name":"Restaurant Le Volpi - Le Sorgive","isPartOf":{"@id":"https:\/\/www.lesorgive.it\/de\/#website"},"primaryImageOfPage":{"@id":"https:\/\/www.lesorgive.it\/de\/restaurant\/#primaryimage"},"image":{"@id":"https:\/\/www.lesorgive.it\/de\/restaurant\/#primaryimage"},"thumbnailUrl":"https:\/\/www.lesorgive.it\/wp-content\/uploads\/2024\/08\/IMG_2698-scaled.jpg","datePublished":"2023-10-16T12:59:35+00:00","dateModified":"2024-08-13T14:09:05+00:00","description":"Unser Campingplatz in der Lombardei ist die ideale L\u00f6sung f\u00fcr einen Urlaub der einfachen Freuden, der Ruhe und der Natur. Buchen Sie Ihren Urlaub!","breadcrumb":{"@id":"https:\/\/www.lesorgive.it\/de\/restaurant\/#breadcrumb"},"inLanguage":"de","potentialAction":[{"@type":"ReadAction","target":["https:\/\/www.lesorgive.it\/de\/restaurant\/"]}]},{"@type":"ImageObject","inLanguage":"de","@id":"https:\/\/www.lesorgive.it\/de\/restaurant\/#primaryimage","url":"https:\/\/www.lesorgive.it\/wp-content\/uploads\/2024\/08\/IMG_2698-scaled.jpg","contentUrl":"https:\/\/www.lesorgive.it\/wp-content\/uploads\/2024\/08\/IMG_2698-scaled.jpg","width":2560,"height":1707},{"@type":"BreadcrumbList","@id":"https:\/\/www.lesorgive.it\/de\/restaurant\/#breadcrumb","itemListElement":[{"@type":"ListItem","position":1,"name":"Home","item":"https:\/\/www.lesorgive.it\/de\/"},{"@type":"ListItem","position":2,"name":"Restaurant Le Volpi"}]},{"@type":"WebSite","@id":"https:\/\/www.lesorgive.it\/de\/#website","url":"https:\/\/www.lesorgive.it\/de\/","name":"Le Sorgive","description":"Un nuovo sito targato WordPress","publisher":{"@id":"https:\/\/www.lesorgive.it\/de\/#organization"},"potentialAction":[{"@type":"SearchAction","target":{"@type":"EntryPoint","urlTemplate":"https:\/\/www.lesorgive.it\/de\/?s={search_term_string}"},"query-input":{"@type":"PropertyValueSpecification","valueRequired":true,"valueName":"search_term_string"}}],"inLanguage":"de"},{"@type":"Organization","@id":"https:\/\/www.lesorgive.it\/de\/#organization","name":"Le Sorgive","url":"https:\/\/www.lesorgive.it\/de\/","logo":{"@type":"ImageObject","inLanguage":"de","@id":"https:\/\/www.lesorgive.it\/de\/#\/schema\/logo\/image\/","url":"https:\/\/www.lesorgive.it\/wp-content\/uploads\/2022\/07\/logo_bianco.svg","contentUrl":"https:\/\/www.lesorgive.it\/wp-content\/uploads\/2022\/07\/logo_bianco.svg","width":329,"height":47,"caption":"Le Sorgive"},"image":{"@id":"https:\/\/www.lesorgive.it\/de\/#\/schema\/logo\/image\/"}}]}},"_links":{"self":[{"href":"https:\/\/www.lesorgive.it\/de\/wp-json\/wp\/v2\/pages\/11459","targetHints":{"allow":["GET"]}}],"collection":[{"href":"https:\/\/www.lesorgive.it\/de\/wp-json\/wp\/v2\/pages"}],"about":[{"href":"https:\/\/www.lesorgive.it\/de\/wp-json\/wp\/v2\/types\/page"}],"author":[{"embeddable":true,"href":"https:\/\/www.lesorgive.it\/de\/wp-json\/wp\/v2\/users\/1"}],"replies":[{"embeddable":true,"href":"https:\/\/www.lesorgive.it\/de\/wp-json\/wp\/v2\/comments?post=11459"}],"version-history":[{"count":8,"href":"https:\/\/www.lesorgive.it\/de\/wp-json\/wp\/v2\/pages\/11459\/revisions"}],"predecessor-version":[{"id":12635,"href":"https:\/\/www.lesorgive.it\/de\/wp-json\/wp\/v2\/pages\/11459\/revisions\/12635"}],"wp:featuredmedia":[{"embeddable":true,"href":"https:\/\/www.lesorgive.it\/de\/wp-json\/wp\/v2\/media\/12525"}],"wp:attachment":[{"href":"https:\/\/www.lesorgive.it\/de\/wp-json\/wp\/v2\/media?parent=11459"}],"curies":[{"name":"wp","href":"https:\/\/api.w.org\/{rel}","templated":true}]}}